{"id":118,"date":"2025-10-30T11:34:19","date_gmt":"2025-10-30T10:34:19","guid":{"rendered":"https:\/\/www.maelectronic.be\/?page_id=118"},"modified":"2025-10-30T11:34:19","modified_gmt":"2025-10-30T10:34:19","slug":"bienvenue-sur-le-site-de-m-a-electronic","status":"publish","type":"page","link":"https:\/\/www.maelectronic.be\/","title":{"rendered":"Bienvenue sur le site de M.A.Electronic"},"content":{"rendered":"\n<p>L\u2019informatique est notre passion, ainsi que notre m\u00e9tier.<\/p>\n\n\n\n<p>Nous sommes depuis plus de 35 ans dans le domaine de l\u2019informatique ainsi que dans la radio t\u00e9l\u00e9phonie.<\/p>\n\n\n\n<p>Sp\u00e9cialis\u00e9s dans les ann\u00e9es quatre vingt d\u2019abord dans le secteur de la vid\u00e9o surveillance et contr\u00f4les d\u2019acc\u00e8s ensuite en \u00e9lectronique a\u00e9rospatiale pour nous rediriger dans les ann\u00e9es nonante dans les radios communications.<\/p>\n\n\n\n<p>D\u00e9but des ann\u00e9es deux milles nous nous sommes plus ax\u00e9s sur le monde de l\u2019informatique.<\/p>\n\n\n\n<p>Sp\u00e9cialis\u00e9s dans l\u2019infrastructure r\u00e9seau et dans la protection de ceux-ci .<\/p>\n\n\n\n<ol class=\"wp-block-list\">\n<li>Nous \u00e9laborons les sch\u00e9mas r\u00e9seau, et nous apportons un grand soin \u00e0 la s\u00e9curit\u00e9 de ceux-ci.<\/li>\n\n\n\n<li>Nous essayons autant que possible d\u2019utiliser des produit OpenSource pour nos projets (D\u2019o\u00f9 un co\u00fbt moins grand ).<\/li>\n\n\n\n<li>On conseille le type mat\u00e9riel \u00e0 utiliser<\/li>\n\n\n\n<li>Ainsi que la mani\u00e8re \u00e0 utiliser ce mat\u00e9riel.<\/li>\n<\/ol>\n\n\n\n<p>Vous trouverez sur notre site diff\u00e9rentes rubriques, que ce soit la rubrique aide, contacts<\/p>\n\n\n\n<p>Nous essayerons, dans la mesure du possible de vous aider dans vos installations et projets, ainsi que dans divers probl\u00e8mes que vous pourriez rencontrer.<\/p>\n","protected":false},"excerpt":{"rendered":"<p>L\u2019informatique est notre passion, ainsi que notre m\u00e9tier. Nous sommes depuis plus de 35 ans dans le domaine de l\u2019informatique ainsi que dans la radio&hellip;<\/p>\n","protected":false},"author":1,"featured_media":0,"parent":0,"menu_order":0,"comment_status":"closed","ping_status":"closed","template":"","meta":{"footnotes":""},"class_list":["post-118","page","type-page","status-publish","hentry"],"_links":{"self":[{"href":"https:\/\/www.maelectronic.be\/index.php\/wp-json\/wp\/v2\/pages\/118","targetHints":{"allow":["GET"]}}],"collection":[{"href":"https:\/\/www.maelectronic.be\/index.php\/wp-json\/wp\/v2\/pages"}],"about":[{"href":"https:\/\/www.maelectronic.be\/index.php\/wp-json\/wp\/v2\/types\/page"}],"author":[{"embeddable":true,"href":"https:\/\/www.maelectronic.be\/index.php\/wp-json\/wp\/v2\/users\/1"}],"replies":[{"embeddable":true,"href":"https:\/\/www.maelectronic.be\/index.php\/wp-json\/wp\/v2\/comments?post=118"}],"version-history":[{"count":1,"href":"https:\/\/www.maelectronic.be\/index.php\/wp-json\/wp\/v2\/pages\/118\/revisions"}],"predecessor-version":[{"id":119,"href":"https:\/\/www.maelectronic.be\/index.php\/wp-json\/wp\/v2\/pages\/118\/revisions\/119"}],"wp:attachment":[{"href":"https:\/\/www.maelectronic.be\/index.php\/wp-json\/wp\/v2\/media?parent=118"}],"curies":[{"name":"wp","href":"https:\/\/api.w.org\/{rel}","templated":true}]}}