{"id":122,"date":"2025-10-30T12:10:09","date_gmt":"2025-10-30T11:10:09","guid":{"rendered":"https:\/\/www.maelectronic.be\/?page_id=122"},"modified":"2025-11-03T10:00:59","modified_gmt":"2025-11-03T09:00:59","slug":"photos","status":"publish","type":"page","link":"https:\/\/www.maelectronic.be\/index.php\/photos\/","title":{"rendered":"Photos"},"content":{"rendered":"\n<p class=\"has-text-align-center\"><strong>Connexions internet Priv\u00e9es et professionnelles<\/strong><\/p>\n\n\n<div class=\"wp-block-image\">\n<figure class=\"aligncenter size-large is-resized\"><img loading=\"lazy\" decoding=\"async\" width=\"1024\" height=\"592\" src=\"https:\/\/www.maelectronic.be\/wp-content\/uploads\/2025\/10\/Proximus2-1024x592.png\" alt=\"Proximus\" class=\"wp-image-130\" style=\"width:406px;height:auto\" srcset=\"https:\/\/www.maelectronic.be\/wp-content\/uploads\/2025\/10\/Proximus2-1024x592.png 1024w, https:\/\/www.maelectronic.be\/wp-content\/uploads\/2025\/10\/Proximus2-300x174.png 300w, https:\/\/www.maelectronic.be\/wp-content\/uploads\/2025\/10\/Proximus2-768x444.png 768w, https:\/\/www.maelectronic.be\/wp-content\/uploads\/2025\/10\/Proximus2-1536x888.png 1536w, https:\/\/www.maelectronic.be\/wp-content\/uploads\/2025\/10\/Proximus2.png 1556w\" sizes=\"auto, (max-width: 1024px) 100vw, 1024px\" \/><figcaption class=\"wp-element-caption\"><strong>Connexions fibres professionnelles<\/strong><\/figcaption><\/figure>\n<\/div>\n\n\n<p class=\"has-text-align-center\"><strong>R\u00e9paration de PC&rsquo;s<\/strong><\/p>\n\n\n<div class=\"wp-block-image\">\n<figure class=\"aligncenter size-large is-resized\"><img loading=\"lazy\" decoding=\"async\" width=\"966\" height=\"1024\" src=\"https:\/\/www.maelectronic.be\/wp-content\/uploads\/2025\/10\/PC2-966x1024.jpg\" alt=\"R\u00e9paration\" class=\"wp-image-125\" style=\"width:309px;height:auto\" srcset=\"https:\/\/www.maelectronic.be\/wp-content\/uploads\/2025\/10\/PC2-966x1024.jpg 966w, https:\/\/www.maelectronic.be\/wp-content\/uploads\/2025\/10\/PC2-283x300.jpg 283w, https:\/\/www.maelectronic.be\/wp-content\/uploads\/2025\/10\/PC2-768x814.jpg 768w, https:\/\/www.maelectronic.be\/wp-content\/uploads\/2025\/10\/PC2-1450x1536.jpg 1450w, https:\/\/www.maelectronic.be\/wp-content\/uploads\/2025\/10\/PC2.jpg 1510w\" sizes=\"auto, (max-width: 966px) 100vw, 966px\" \/><figcaption class=\"wp-element-caption\"><strong>R\u00e9paration de PC&rsquo;s<\/strong><\/figcaption><\/figure>\n<\/div>\n\n<div class=\"wp-block-image\">\n<figure class=\"aligncenter size-large is-resized\"><img loading=\"lazy\" decoding=\"async\" width=\"534\" height=\"1024\" src=\"https:\/\/www.maelectronic.be\/wp-content\/uploads\/2025\/10\/PC3-534x1024.jpg\" alt=\"Restauration de donn\u00e9es\" class=\"wp-image-126\" style=\"width:220px;height:auto\" srcset=\"https:\/\/www.maelectronic.be\/wp-content\/uploads\/2025\/10\/PC3-534x1024.jpg 534w, https:\/\/www.maelectronic.be\/wp-content\/uploads\/2025\/10\/PC3-157x300.jpg 157w, https:\/\/www.maelectronic.be\/wp-content\/uploads\/2025\/10\/PC3-768x1472.jpg 768w, https:\/\/www.maelectronic.be\/wp-content\/uploads\/2025\/10\/PC3-802x1536.jpg 802w, https:\/\/www.maelectronic.be\/wp-content\/uploads\/2025\/10\/PC3.jpg 835w\" sizes=\"auto, (max-width: 534px) 100vw, 534px\" \/><figcaption class=\"wp-element-caption\"><strong>Restauration de donn\u00e9es<\/strong><\/figcaption><\/figure>\n<\/div>\n\n<div class=\"wp-block-image\">\n<figure class=\"aligncenter size-large is-resized\"><img loading=\"lazy\" decoding=\"async\" width=\"461\" height=\"1024\" src=\"https:\/\/www.maelectronic.be\/wp-content\/uploads\/2025\/10\/PC1-461x1024.jpg\" alt=\"Restauration de donn\u00e9es\" class=\"wp-image-124\" style=\"width:222px;height:auto\" srcset=\"https:\/\/www.maelectronic.be\/wp-content\/uploads\/2025\/10\/PC1-461x1024.jpg 461w, https:\/\/www.maelectronic.be\/wp-content\/uploads\/2025\/10\/PC1-135x300.jpg 135w, https:\/\/www.maelectronic.be\/wp-content\/uploads\/2025\/10\/PC1-691x1536.jpg 691w, https:\/\/www.maelectronic.be\/wp-content\/uploads\/2025\/10\/PC1.jpg 720w\" sizes=\"auto, (max-width: 461px) 100vw, 461px\" \/><figcaption class=\"wp-element-caption\"><strong>Restauration de donn\u00e9es<\/strong><\/figcaption><\/figure>\n<\/div>\n\n<div class=\"wp-block-image\">\n<figure class=\"aligncenter size-full is-resized\"><img loading=\"lazy\" decoding=\"async\" width=\"715\" height=\"812\" src=\"https:\/\/www.maelectronic.be\/wp-content\/uploads\/2025\/10\/PC4.jpg\" alt=\"Nouveau PC\" class=\"wp-image-127\" style=\"width:490px;height:auto\" srcset=\"https:\/\/www.maelectronic.be\/wp-content\/uploads\/2025\/10\/PC4.jpg 715w, https:\/\/www.maelectronic.be\/wp-content\/uploads\/2025\/10\/PC4-264x300.jpg 264w\" sizes=\"auto, (max-width: 715px) 100vw, 715px\" \/><figcaption class=\"wp-element-caption\"><strong>Nouveau PC<\/strong><\/figcaption><\/figure>\n<\/div>\n\n<div class=\"wp-block-image\">\n<figure class=\"aligncenter size-large is-resized\"><img loading=\"lazy\" decoding=\"async\" width=\"461\" height=\"1024\" src=\"https:\/\/www.maelectronic.be\/wp-content\/uploads\/2025\/10\/PC5-461x1024.jpg\" alt=\"Nouveau PC\" class=\"wp-image-143\" style=\"width:489px;height:auto\" srcset=\"https:\/\/www.maelectronic.be\/wp-content\/uploads\/2025\/10\/PC5-461x1024.jpg 461w, https:\/\/www.maelectronic.be\/wp-content\/uploads\/2025\/10\/PC5-135x300.jpg 135w, https:\/\/www.maelectronic.be\/wp-content\/uploads\/2025\/10\/PC5-768x1707.jpg 768w, https:\/\/www.maelectronic.be\/wp-content\/uploads\/2025\/10\/PC5-691x1536.jpg 691w, https:\/\/www.maelectronic.be\/wp-content\/uploads\/2025\/10\/PC5.jpg 900w\" sizes=\"auto, (max-width: 461px) 100vw, 461px\" \/><\/figure>\n<\/div>\n\n\n<div style=\"height:100px\" aria-hidden=\"true\" class=\"wp-block-spacer\"><\/div>\n\n\n\n<figure class=\"wp-block-video aligncenter\"><video height=\"850\" style=\"aspect-ratio: 478 \/ 850;\" width=\"478\" controls src=\"https:\/\/www.maelectronic.be\/wp-content\/uploads\/2025\/10\/PC.mp4\"><\/video><\/figure>\n\n\n<div class=\"wp-block-image\">\n<figure class=\"aligncenter size-large is-resized\"><img loading=\"lazy\" decoding=\"async\" width=\"1024\" height=\"826\" src=\"https:\/\/www.maelectronic.be\/wp-content\/uploads\/2025\/10\/pieces2-1024x826.jpg\" alt=\"Pi\u00e8ces d\u00e9tach\u00e9es\" class=\"wp-image-146\" style=\"width:579px;height:auto\" srcset=\"https:\/\/www.maelectronic.be\/wp-content\/uploads\/2025\/10\/pieces2-1024x826.jpg 1024w, https:\/\/www.maelectronic.be\/wp-content\/uploads\/2025\/10\/pieces2-300x242.jpg 300w, https:\/\/www.maelectronic.be\/wp-content\/uploads\/2025\/10\/pieces2-768x619.jpg 768w, https:\/\/www.maelectronic.be\/wp-content\/uploads\/2025\/10\/pieces2-1536x1238.jpg 1536w, https:\/\/www.maelectronic.be\/wp-content\/uploads\/2025\/10\/pieces2.jpg 1600w\" sizes=\"auto, (max-width: 1024px) 100vw, 1024px\" \/><figcaption class=\"wp-element-caption\">Pi\u00e8ces d\u00e9tach\u00e9es<\/figcaption><\/figure>\n<\/div>\n\n<div class=\"wp-block-image\">\n<figure class=\"aligncenter size-large is-resized\"><img loading=\"lazy\" decoding=\"async\" width=\"1024\" height=\"705\" src=\"https:\/\/www.maelectronic.be\/wp-content\/uploads\/2025\/11\/Pieces1-1024x705.jpg\" alt=\"Pi\u00e8ces d\u00e9tach\u00e9es\" class=\"wp-image-161\" style=\"width:581px;height:auto\" srcset=\"https:\/\/www.maelectronic.be\/wp-content\/uploads\/2025\/11\/Pieces1-1024x705.jpg 1024w, https:\/\/www.maelectronic.be\/wp-content\/uploads\/2025\/11\/Pieces1-300x207.jpg 300w, https:\/\/www.maelectronic.be\/wp-content\/uploads\/2025\/11\/Pieces1-768x529.jpg 768w, https:\/\/www.maelectronic.be\/wp-content\/uploads\/2025\/11\/Pieces1.jpg 1307w\" sizes=\"auto, (max-width: 1024px) 100vw, 1024px\" \/><figcaption class=\"wp-element-caption\">Pi\u00e8ces d\u00e9tach\u00e9es<\/figcaption><\/figure>\n<\/div>\n\n\n<p><\/p>\n","protected":false},"excerpt":{"rendered":"<p>Connexions internet Priv\u00e9es et professionnelles R\u00e9paration de PC&rsquo;s<\/p>\n","protected":false},"author":1,"featured_media":0,"parent":0,"menu_order":0,"comment_status":"closed","ping_status":"closed","template":"","meta":{"footnotes":""},"class_list":["post-122","page","type-page","status-publish","hentry"],"_links":{"self":[{"href":"https:\/\/www.maelectronic.be\/index.php\/wp-json\/wp\/v2\/pages\/122","targetHints":{"allow":["GET"]}}],"collection":[{"href":"https:\/\/www.maelectronic.be\/index.php\/wp-json\/wp\/v2\/pages"}],"about":[{"href":"https:\/\/www.maelectronic.be\/index.php\/wp-json\/wp\/v2\/types\/page"}],"author":[{"embeddable":true,"href":"https:\/\/www.maelectronic.be\/index.php\/wp-json\/wp\/v2\/users\/1"}],"replies":[{"embeddable":true,"href":"https:\/\/www.maelectronic.be\/index.php\/wp-json\/wp\/v2\/comments?post=122"}],"version-history":[{"count":10,"href":"https:\/\/www.maelectronic.be\/index.php\/wp-json\/wp\/v2\/pages\/122\/revisions"}],"predecessor-version":[{"id":165,"href":"https:\/\/www.maelectronic.be\/index.php\/wp-json\/wp\/v2\/pages\/122\/revisions\/165"}],"wp:attachment":[{"href":"https:\/\/www.maelectronic.be\/index.php\/wp-json\/wp\/v2\/media?parent=122"}],"curies":[{"name":"wp","href":"https:\/\/api.w.org\/{rel}","templated":true}]}}