{"id":54,"date":"2025-10-29T10:45:29","date_gmt":"2025-10-29T09:45:29","guid":{"rendered":"https:\/\/www.maelectronic.be\/?page_id=54"},"modified":"2025-10-30T11:26:51","modified_gmt":"2025-10-30T10:26:51","slug":"contact","status":"publish","type":"page","link":"https:\/\/www.maelectronic.be\/index.php\/contact\/","title":{"rendered":"Contact"},"content":{"rendered":"<div class=\"wp-block-image\">\n<figure class=\"aligncenter size-full is-resized\"><img loading=\"lazy\" decoding=\"async\" width=\"349\" height=\"145\" src=\"https:\/\/www.maelectronic.be\/wp-content\/uploads\/2025\/10\/contact.png\" alt=\"\" class=\"wp-image-74\" style=\"width:207px;height:auto\" srcset=\"https:\/\/www.maelectronic.be\/wp-content\/uploads\/2025\/10\/contact.png 349w, https:\/\/www.maelectronic.be\/wp-content\/uploads\/2025\/10\/contact-300x125.png 300w\" sizes=\"auto, (max-width: 349px) 100vw, 349px\" \/><\/figure>\n<\/div>\n\n\n<div style=\"height:100px\" aria-hidden=\"true\" class=\"wp-block-spacer\"><\/div>\n\n\n\n<p class=\"has-text-align-center has-medium-font-size\">Adresse mail : <a href=\"mailto:contact@maelectronic.be\">contact@maelectronic.be<\/a><\/p>\n\n\n\n<p class=\"has-text-align-center has-medium-font-size\">Num\u00e9ro de t\u00e9l\u00e9phone: +32 71 14 06 13<\/p>\n\n\n\n<p><\/p>\n","protected":false},"excerpt":{"rendered":"<p>Adresse mail : contact@maelectronic.be Num\u00e9ro de t\u00e9l\u00e9phone: +32 71 14 06 13<\/p>\n","protected":false},"author":1,"featured_media":74,"parent":0,"menu_order":0,"comment_status":"closed","ping_status":"closed","template":"","meta":{"footnotes":""},"class_list":["post-54","page","type-page","status-publish","has-post-thumbnail","hentry"],"_links":{"self":[{"href":"https:\/\/www.maelectronic.be\/index.php\/wp-json\/wp\/v2\/pages\/54","targetHints":{"allow":["GET"]}}],"collection":[{"href":"https:\/\/www.maelectronic.be\/index.php\/wp-json\/wp\/v2\/pages"}],"about":[{"href":"https:\/\/www.maelectronic.be\/index.php\/wp-json\/wp\/v2\/types\/page"}],"author":[{"embeddable":true,"href":"https:\/\/www.maelectronic.be\/index.php\/wp-json\/wp\/v2\/users\/1"}],"replies":[{"embeddable":true,"href":"https:\/\/www.maelectronic.be\/index.php\/wp-json\/wp\/v2\/comments?post=54"}],"version-history":[{"count":9,"href":"https:\/\/www.maelectronic.be\/index.php\/wp-json\/wp\/v2\/pages\/54\/revisions"}],"predecessor-version":[{"id":111,"href":"https:\/\/www.maelectronic.be\/index.php\/wp-json\/wp\/v2\/pages\/54\/revisions\/111"}],"wp:featuredmedia":[{"embeddable":true,"href":"https:\/\/www.maelectronic.be\/index.php\/wp-json\/wp\/v2\/media\/74"}],"wp:attachment":[{"href":"https:\/\/www.maelectronic.be\/index.php\/wp-json\/wp\/v2\/media?parent=54"}],"curies":[{"name":"wp","href":"https:\/\/api.w.org\/{rel}","templated":true}]}}