{"id":80,"date":"2025-10-29T12:17:46","date_gmt":"2025-10-29T11:17:46","guid":{"rendered":"https:\/\/www.maelectronic.be\/?page_id=80"},"modified":"2025-10-30T11:39:08","modified_gmt":"2025-10-30T10:39:08","slug":"prix","status":"publish","type":"page","link":"https:\/\/www.maelectronic.be\/index.php\/prix\/","title":{"rendered":"Prix"},"content":{"rendered":"\n<p><strong>Vous trouverez les prix, que nous demandons pour les diff\u00e9rents travaux.<\/strong><\/p>\n\n\n\n<p>Tarif \u00e0 l&rsquo;heure,<strong> 30\u20ac TTC de l&rsquo;heure<\/strong> pour des travaux de r\u00e9paration sur PC&rsquo;s.<\/p>\n\n\n\n<p>R\u00e9installation compl\u00e8te d&rsquo;un PC, le tarif est de <strong>30\u20ac TTC de l&rsquo;heure<\/strong>, <strong>avec les programmes fournis par le client.<\/strong><\/p>\n\n\n\n<p>D\u00e9pannage de mat\u00e9riel (software), imprimante, scanner, routeur, . . ., nous travaillons \u00e0 <strong>30\u20ac TTC de l&rsquo;heure<\/strong>, dans le cas o\u00f9 il faut remplacer un composant ou mat\u00e9riel d\u00e9fectueux, celui-ci sera en suppl\u00e9ment.<\/p>\n\n\n\n<p>R\u00e9installation compl\u00e8te d&rsquo;un PC (software), le tarif est de <strong>30\u20ac TTC de l&rsquo;heure<\/strong>, plus en suppl\u00e9ment, le montant de chacun des programmes install\u00e9s <strong>si le client ne sais pas fournir les programmes d&rsquo;origine.<\/strong><\/p>\n\n\n\n<p>Pour r\u00e9installation compl\u00e8te d&rsquo;un PC, le tarif est de <strong>30\u20ac TTC de l&rsquo;heure<\/strong>, avec l&rsquo;installation de programmes OpenSources gratuit (Linux, navigateur internet Mozilla Firefox, VLC Media Player, Audio, photo, vid\u00e9o : tout pour les cr\u00e9atifs, Gimp, Audacity, Blender,etc . . . ).<\/p>\n\n\n\n<p>L&rsquo;installation d&rsquo;un nouveau mat\u00e9riel, o\u00f9 \u00e9quipement, nous facturons \u00e0 <strong>30\u20ac TTC de l&rsquo;heure<\/strong>.<\/p>\n\n\n\n<p>Nous vendons \u00e9galement du nouveau mat\u00e9riel, PC, imprimantes, scanners, disques dur, m\u00e9moires, cartes vid\u00e9o, cartes m\u00e8res, etc &#8230; , les prix sont \u00e0 la demande.<\/p>\n\n\n\n<p>Dans le cas d&rsquo;une installation r\u00e9seau, ou toutes autres installations sp\u00e9ciales, vous pouvez nous demander un devis gratuit.<\/p>\n\n\n\n<p>Formation informatique, 20\u20ac TTC de l&rsquo;heure.<\/p>\n\n\n\n<p><strong>Le d\u00e9placement est de 40\u20ac sur le Hainaut.<\/strong><\/p>\n","protected":false},"excerpt":{"rendered":"<p>Vous trouverez les prix, que nous demandons pour les diff\u00e9rents travaux. Tarif \u00e0 l&rsquo;heure, 30\u20ac TTC de l&rsquo;heure pour des travaux de r\u00e9paration sur PC&rsquo;s.&hellip;<\/p>\n","protected":false},"author":1,"featured_media":91,"parent":0,"menu_order":0,"comment_status":"closed","ping_status":"closed","template":"","meta":{"footnotes":""},"class_list":["post-80","page","type-page","status-publish","has-post-thumbnail","hentry"],"_links":{"self":[{"href":"https:\/\/www.maelectronic.be\/index.php\/wp-json\/wp\/v2\/pages\/80","targetHints":{"allow":["GET"]}}],"collection":[{"href":"https:\/\/www.maelectronic.be\/index.php\/wp-json\/wp\/v2\/pages"}],"about":[{"href":"https:\/\/www.maelectronic.be\/index.php\/wp-json\/wp\/v2\/types\/page"}],"author":[{"embeddable":true,"href":"https:\/\/www.maelectronic.be\/index.php\/wp-json\/wp\/v2\/users\/1"}],"replies":[{"embeddable":true,"href":"https:\/\/www.maelectronic.be\/index.php\/wp-json\/wp\/v2\/comments?post=80"}],"version-history":[{"count":8,"href":"https:\/\/www.maelectronic.be\/index.php\/wp-json\/wp\/v2\/pages\/80\/revisions"}],"predecessor-version":[{"id":104,"href":"https:\/\/www.maelectronic.be\/index.php\/wp-json\/wp\/v2\/pages\/80\/revisions\/104"}],"wp:featuredmedia":[{"embeddable":true,"href":"https:\/\/www.maelectronic.be\/index.php\/wp-json\/wp\/v2\/media\/91"}],"wp:attachment":[{"href":"https:\/\/www.maelectronic.be\/index.php\/wp-json\/wp\/v2\/media?parent=80"}],"curies":[{"name":"wp","href":"https:\/\/api.w.org\/{rel}","templated":true}]}}